{"id":1366,"date":"2015-04-29T08:54:20","date_gmt":"2015-04-29T08:54:20","guid":{"rendered":"http:\/\/manta-izola.com\/scuba\/?page_id=1366"},"modified":"2017-04-20T19:42:13","modified_gmt":"2017-04-20T19:42:13","slug":"jowd-junior-open-water-diver","status":"publish","type":"page","link":"https:\/\/www.manta-izola.com\/scuba\/?page_id=1366&lang=de","title":{"rendered":"JOWD &#8211; JUNIOR OPEN WATER DIVER"},"content":{"rendered":"<p><\/p>\n<h4 style=\"text-align: justify;\"><img loading=\"lazy\" decoding=\"async\" class=\" wp-image-886 aligncenter\" src=\"http:\/\/manta-izola.com\/scuba\/wp-content\/uploads\/DSCN2125-300x238.jpg\" alt=\"DSCN2125\" width=\"428\" height=\"339\" srcset=\"https:\/\/www.manta-izola.com\/scuba\/wp-content\/uploads\/DSCN2125-300x238.jpg 300w, https:\/\/www.manta-izola.com\/scuba\/wp-content\/uploads\/DSCN2125-1024x811.jpg 1024w\" sizes=\"auto, (max-width: 428px) 100vw, 428px\" \/><\/h4>\n<p><span id=\"result_box\" class=\"\" lang=\"de\"><span class=\"\">Das Mindestalter f\u00fcr die Teilnahme am Junior Open Water Diver Programm ist 10 Jahre.<\/span> <span class=\"\">Es wird empfohlen, dass Personen unter 15 Jahren das Programm mit einem erwachsenen Familienmitglied absolvieren.<\/span><\/span><\/p>\n<p><span id=\"result_box\" class=\"\" lang=\"de\">Verh\u00e4ltnis:<\/span><\/p>\n<p>Wenn ein oder mehrere Junior Divers (12-14) am Programm teilnehmen, betr\u00e4gt das Verh\u00e4ltnis 4: 1. Wenn ein oder mehrere 10-11 J\u00e4hrige am Programm teilnehmen, betr\u00e4gt das Verh\u00e4ltnis 2: 1. Obwohl zus\u00e4tzliche Assistenten eingesetzt werden k\u00f6nnen, k\u00f6nnen keine zus\u00e4tzlichen Studenten in die Verantwortung des einzelnen zertifizierten Tauchlehrers aufgenommen werden. <span class=\"\">Der Tauchlehrer soll dieses Verh\u00e4ltnis senken, wenn die Bedingungen es erfordern.<\/span><\/p>\n<p style=\"text-align: justify;\"><span id=\"result_box\" class=\"\" lang=\"de\"><span class=\"\">Beschr\u00e4nkungen:<\/span><\/span><\/p>\n<p style=\"text-align: justify;\">Junior Divers <span id=\"result_box\" class=\"\" lang=\"de\">haben folgende Einschr\u00e4nkungen:<\/span><\/p>\n<ul>\n<li style=\"text-align: justify;\"><span id=\"result_box\" class=\"\" lang=\"de\"><span class=\"\">Junior Open Water Divers im Alter von 10-11 Jahren d\u00fcrfen bis zu Tiefen von 12 Metern \/ 40 Fu\u00df mit einem zertifizierten Erwachsenen oder Dive Professional tauchen.<\/span><\/span><\/li>\n<li style=\"text-align: justify;\"><span id=\"result_box\" class=\"\" lang=\"de\">Junior Open Water der Altersstufe 12-14 Jahre d\u00fcrfen bis zu einer Tiefe von 18 Metern \/ 60 Fu\u00df mit einem zertifizierten Erwachsenen oder Dive Professional tauchen.<\/span><\/li>\n<li style=\"text-align: justify;\"><span id=\"result_box\" class=\"\" lang=\"de\"><span class=\"\">Junior Divers (Alter 10-14) f\u00fchren nicht mehr als 2 Trainings-Tauchg\u00e4nge pro Tag durch.<\/span> <span class=\"\">Wenn 3 Trainings-Tauchg\u00e4nge f\u00fcr Junior-Taucher (Alter 12-14) an einem Tag durchgef\u00fchrt werden, d\u00fcrfen Tauchg\u00e4nge tiefer als 12 Meter nicht mehr als 20 Minuten maximale Tauchzeit mit einem 2-st\u00fcndigen Oberfl\u00e4chenintervall zwischen jedem Tauchgang betragen.<\/span><\/span><\/li>\n<\/ul>\n<h4 style=\"text-align: justify;\"><img loading=\"lazy\" decoding=\"async\" class=\" wp-image-649 aligncenter\" src=\"http:\/\/manta-izola.com\/scuba\/wp-content\/uploads\/DSCN2100-300x225.jpg\" alt=\"DSCN2100\" width=\"421\" height=\"316\" srcset=\"https:\/\/www.manta-izola.com\/scuba\/wp-content\/uploads\/DSCN2100-300x225.jpg 300w, https:\/\/www.manta-izola.com\/scuba\/wp-content\/uploads\/DSCN2100-1024x768.jpg 1024w\" sizes=\"auto, (max-width: 421px) 100vw, 421px\" \/><\/h4>\n<p><span id=\"result_box\" class=\"\" lang=\"de\"><span class=\"\">Im Alter von 15 Jahren sind Junior Open Water Divers berechtigt, ein Upgrade ihrer Bewertung auf den Open Water Diver durchzuf\u00fchren, wenn es innerhalb von 12 Monaten nach Abschluss eines Junior Open Water Diver Programms erfolgt ist, ist eine Kompetenzbewertung nicht erforderlich, um ein Upgrade durchzuf\u00fchren.<\/span> <span class=\"\">Wenn das letzte Programm vor mehr als 12 Monaten abgeschlossen wurde, dann ist ein Scuba-Skills-Update erforderlich.<\/span><\/span><\/p>","protected":false},"excerpt":{"rendered":"<p>Das Mindestalter f\u00fcr die Teilnahme am Junior Open Water Diver Programm ist 10 Jahre. Es wird empfohlen, dass Personen unter 15 Jahren das Programm mit einem erwachsenen Familienmitglied absolvieren. Verh\u00e4ltnis: Wenn ein oder mehrere Junior Divers (12-14) am Programm teilnehmen, betr\u00e4gt das Verh\u00e4ltnis 4: 1. Wenn ein oder mehrere 10-11 J\u00e4hrige am Programm teilnehmen, betr\u00e4gt [&hellip;]<\/p>\n","protected":false},"author":1,"featured_media":0,"parent":0,"menu_order":0,"comment_status":"closed","ping_status":"closed","template":"","meta":{"footnotes":""},"class_list":["post-1366","page","type-page","status-publish","hentry"],"_links":{"self":[{"href":"https:\/\/www.manta-izola.com\/scuba\/index.php?rest_route=\/wp\/v2\/pages\/1366","targetHints":{"allow":["GET"]}}],"collection":[{"href":"https:\/\/www.manta-izola.com\/scuba\/index.php?rest_route=\/wp\/v2\/pages"}],"about":[{"href":"https:\/\/www.manta-izola.com\/scuba\/index.php?rest_route=\/wp\/v2\/types\/page"}],"author":[{"embeddable":true,"href":"https:\/\/www.manta-izola.com\/scuba\/index.php?rest_route=\/wp\/v2\/users\/1"}],"replies":[{"embeddable":true,"href":"https:\/\/www.manta-izola.com\/scuba\/index.php?rest_route=%2Fwp%2Fv2%2Fcomments&post=1366"}],"version-history":[{"count":15,"href":"https:\/\/www.manta-izola.com\/scuba\/index.php?rest_route=\/wp\/v2\/pages\/1366\/revisions"}],"predecessor-version":[{"id":2170,"href":"https:\/\/www.manta-izola.com\/scuba\/index.php?rest_route=\/wp\/v2\/pages\/1366\/revisions\/2170"}],"wp:attachment":[{"href":"https:\/\/www.manta-izola.com\/scuba\/index.php?rest_route=%2Fwp%2Fv2%2Fmedia&parent=1366"}],"curies":[{"name":"wp","href":"https:\/\/api.w.org\/{rel}","templated":true}]}}