{"id":33,"date":"2014-05-26T11:53:30","date_gmt":"2014-05-26T11:53:30","guid":{"rendered":"http:\/\/manta-izola.com\/wp\/?page_id=33"},"modified":"2021-10-18T08:42:17","modified_gmt":"2021-10-18T08:42:17","slug":"o-nas","status":"publish","type":"page","link":"https:\/\/www.manta-izola.com\/scuba\/?page_id=33","title":{"rendered":"O podjetju"},"content":{"rendered":"<p><span style=\"font-weight: bold;\">MANTA &#8211; ladjedelni\u0161tvo, podvodna dela, trgovina d.o.o.<br \/>\n<\/span><\/p>\n<p>Manta Izola Dive center SSI ID 722118<\/p>\n<p><strong>POTAPLJA\u0160KI TE\u010cAJI &#8211; \u0160OLA POTAPLJANJA<\/strong><br \/>\n<strong>Jernej: +386 51 652 868<br \/>\nKarim: +386 51 685 660<\/strong><br \/>\n<strong><i class=\"fa fa-envelope\"><\/i><a href=\"mailto:manta.solapotapljanja@gmail.com\">manta.solapotapljanja@gmail.com<\/a><\/strong><\/p>\n<p><img loading=\"lazy\" decoding=\"async\" class=\"alignnone wp-image-1134\" src=\"http:\/\/manta-izola.com\/scuba\/wp-content\/uploads\/diving_boat_flag.gif\" alt=\"diving_boat_flag\" width=\"115\" height=\"68\" \/>\u00a0 \u00a0 \u00a0<a href=\"http:\/\/manta-izola.com\/scuba\/wp-content\/uploads\/diving_flag_animated.gif\"><img loading=\"lazy\" decoding=\"async\" class=\"alignnone wp-image-1135\" src=\"http:\/\/manta-izola.com\/scuba\/wp-content\/uploads\/diving_flag_animated.gif\" alt=\"diving_flag_animated\" width=\"112\" height=\"66\" \/><\/a><\/p>\n<p><a href=\"https:\/\/www.facebook.com\/mantaizola\"><img loading=\"lazy\" decoding=\"async\" class=\"alignnone wp-image-1459 sjfjurodxqandjvauwbz lqriknabxttovppqulvx\" src=\"http:\/\/manta-izola.com\/scuba\/wp-content\/uploads\/logo_facebook-300x300.png\" alt=\"logo_facebook\" width=\"36\" height=\"36\" srcset=\"https:\/\/www.manta-izola.com\/scuba\/wp-content\/uploads\/logo_facebook-300x300.png 300w, https:\/\/www.manta-izola.com\/scuba\/wp-content\/uploads\/logo_facebook-150x150.png 150w, https:\/\/www.manta-izola.com\/scuba\/wp-content\/uploads\/logo_facebook-1024x1024.png 1024w, https:\/\/www.manta-izola.com\/scuba\/wp-content\/uploads\/logo_facebook.png 1600w\" sizes=\"auto, (max-width: 36px) 100vw, 36px\" \/>https:\/\/www.facebook.com\/mantaizola<\/a><\/p>\n<p>Cesta v Pregavor 7<br \/>\n6310 Izola &#8211; Isola<br \/>\nSlovenija<\/p>\n<p>S.W.I.F.T.:KSPKSI22XXX<br \/>\nT.R.R. 34000-1002933222<br \/>\nDav\u010dna \u0161t. SI30905532<br \/>\nMati\u010dna \u0161t. 1821989<\/p>\n<p><i class=\"fa fa-phone\"><\/i>+386-51-652-868<br \/>\n<i class=\"fa fa-fax\"><\/i> +386-5-9219-070<br \/>\n<i class=\"fa fa-envelope\"><\/i> manta@elta.si<\/p>","protected":false},"excerpt":{"rendered":"<p>MANTA &#8211; ladjedelni\u0161tvo, podvodna dela, trgovina d.o.o. Manta Izola Dive center SSI ID 722118 POTAPLJA\u0160KI TE\u010cAJI &#8211; \u0160OLA POTAPLJANJA Jernej: +386 51 652 868 Karim: +386 51 685 660 manta.solapotapljanja@gmail.com \u00a0 \u00a0 \u00a0 https:\/\/www.facebook.com\/mantaizola Cesta v Pregavor 7 6310 Izola &#8211; Isola Slovenija S.W.I.F.T.:KSPKSI22XXX T.R.R. 34000-1002933222 Dav\u010dna \u0161t. SI30905532 Mati\u010dna \u0161t. 1821989 +386-51-652-868 +386-5-9219-070 manta@elta.si<\/p>\n","protected":false},"author":1,"featured_media":0,"parent":0,"menu_order":0,"comment_status":"closed","ping_status":"closed","template":"","meta":{"footnotes":""},"class_list":["post-33","page","type-page","status-publish","hentry"],"_links":{"self":[{"href":"https:\/\/www.manta-izola.com\/scuba\/index.php?rest_route=\/wp\/v2\/pages\/33","targetHints":{"allow":["GET"]}}],"collection":[{"href":"https:\/\/www.manta-izola.com\/scuba\/index.php?rest_route=\/wp\/v2\/pages"}],"about":[{"href":"https:\/\/www.manta-izola.com\/scuba\/index.php?rest_route=\/wp\/v2\/types\/page"}],"author":[{"embeddable":true,"href":"https:\/\/www.manta-izola.com\/scuba\/index.php?rest_route=\/wp\/v2\/users\/1"}],"replies":[{"embeddable":true,"href":"https:\/\/www.manta-izola.com\/scuba\/index.php?rest_route=%2Fwp%2Fv2%2Fcomments&post=33"}],"version-history":[{"count":58,"href":"https:\/\/www.manta-izola.com\/scuba\/index.php?rest_route=\/wp\/v2\/pages\/33\/revisions"}],"predecessor-version":[{"id":2454,"href":"https:\/\/www.manta-izola.com\/scuba\/index.php?rest_route=\/wp\/v2\/pages\/33\/revisions\/2454"}],"wp:attachment":[{"href":"https:\/\/www.manta-izola.com\/scuba\/index.php?rest_route=%2Fwp%2Fv2%2Fmedia&parent=33"}],"curies":[{"name":"wp","href":"https:\/\/api.w.org\/{rel}","templated":true}]}}