{"id":537,"date":"2015-02-27T12:30:37","date_gmt":"2015-02-27T12:30:37","guid":{"rendered":"http:\/\/manta-izola.com\/scuba\/?page_id=537"},"modified":"2017-04-08T19:44:57","modified_gmt":"2017-04-08T19:44:57","slug":"dive-guide","status":"publish","type":"page","link":"https:\/\/www.manta-izola.com\/scuba\/?page_id=537","title":{"rendered":"Dive Guide"},"content":{"rendered":"<p><\/p>\n<p style=\"text-align: justify;\"><a href=\"http:\/\/manta-izola.com\/scuba\/wp-content\/uploads\/main07.jpg\"><img loading=\"lazy\" decoding=\"async\" class=\"alignnone size-full wp-image-388\" src=\"http:\/\/manta-izola.com\/scuba\/wp-content\/uploads\/main07.jpg\" alt=\"main07\" width=\"685\" height=\"405\" srcset=\"https:\/\/www.manta-izola.com\/scuba\/wp-content\/uploads\/main07.jpg 685w, https:\/\/www.manta-izola.com\/scuba\/wp-content\/uploads\/main07-300x177.jpg 300w\" sizes=\"auto, (max-width: 685px) 100vw, 685px\" \/><\/a><\/p>\n<p style=\"text-align: justify;\">Te\u010daj DIVE GUIDE\u00a0(voditelj potapljanja) je za\u010detna stopnja v avanturi profesionalnega potaplja\u010da, ki se \u017eeli poglobiti v potapljanje, vendar ne \u017eeli prevzeti odgovornosti in obveznosti, ki jih nosi SSI in\u0161truktor.\u00a0Dive Guide program temelji na prakti\u010dnih pristopih, uporabnih informacijah in prilagodljivosti. SSI Dive Guide lahko na potopih vodi certificirane potaplja\u010de. Kot dodatek lahko po kon\u010danem te\u010daju za in\u0161truktorja potapljanja na vdih (Snorkeling Instructor) u\u010di in izdaja certifikate za potaplja\u010de na vdih.<\/p>\n<p><\/p>","protected":false},"excerpt":{"rendered":"<p>Te\u010daj DIVE GUIDE\u00a0(voditelj potapljanja) je za\u010detna stopnja v avanturi profesionalnega potaplja\u010da, ki se \u017eeli poglobiti v potapljanje, vendar ne \u017eeli prevzeti odgovornosti in obveznosti, ki jih nosi SSI in\u0161truktor.\u00a0Dive Guide program temelji na prakti\u010dnih pristopih, uporabnih informacijah in prilagodljivosti. SSI Dive Guide lahko na potopih vodi certificirane potaplja\u010de. Kot dodatek lahko po kon\u010danem te\u010daju za [&hellip;]<\/p>\n","protected":false},"author":1,"featured_media":0,"parent":38,"menu_order":0,"comment_status":"closed","ping_status":"closed","template":"","meta":{"footnotes":""},"class_list":["post-537","page","type-page","status-publish","hentry"],"_links":{"self":[{"href":"https:\/\/www.manta-izola.com\/scuba\/index.php?rest_route=\/wp\/v2\/pages\/537","targetHints":{"allow":["GET"]}}],"collection":[{"href":"https:\/\/www.manta-izola.com\/scuba\/index.php?rest_route=\/wp\/v2\/pages"}],"about":[{"href":"https:\/\/www.manta-izola.com\/scuba\/index.php?rest_route=\/wp\/v2\/types\/page"}],"author":[{"embeddable":true,"href":"https:\/\/www.manta-izola.com\/scuba\/index.php?rest_route=\/wp\/v2\/users\/1"}],"replies":[{"embeddable":true,"href":"https:\/\/www.manta-izola.com\/scuba\/index.php?rest_route=%2Fwp%2Fv2%2Fcomments&post=537"}],"version-history":[{"count":9,"href":"https:\/\/www.manta-izola.com\/scuba\/index.php?rest_route=\/wp\/v2\/pages\/537\/revisions"}],"predecessor-version":[{"id":2102,"href":"https:\/\/www.manta-izola.com\/scuba\/index.php?rest_route=\/wp\/v2\/pages\/537\/revisions\/2102"}],"up":[{"embeddable":true,"href":"https:\/\/www.manta-izola.com\/scuba\/index.php?rest_route=\/wp\/v2\/pages\/38"}],"wp:attachment":[{"href":"https:\/\/www.manta-izola.com\/scuba\/index.php?rest_route=%2Fwp%2Fv2%2Fmedia&parent=537"}],"curies":[{"name":"wp","href":"https:\/\/api.w.org\/{rel}","templated":true}]}}