{"id":636,"date":"2015-02-27T18:39:30","date_gmt":"2015-02-27T18:39:30","guid":{"rendered":"http:\/\/manta-izola.com\/scuba\/?page_id=636"},"modified":"2017-04-19T19:35:05","modified_gmt":"2017-04-19T19:35:05","slug":"dry-suit-diving-potapljanje-s-suho-obleko","status":"publish","type":"page","link":"https:\/\/www.manta-izola.com\/scuba\/?page_id=636","title":{"rendered":"Dry Suit Diving \/ Potapljanje s suho obleko"},"content":{"rendered":"<p><\/p>\n<p style=\"text-align: justify;\"><a href=\"http:\/\/manta-izola.com\/scuba\/wp-content\/uploads\/dry.jpg\"><img loading=\"lazy\" decoding=\"async\" class=\"alignnone  wp-image-638\" src=\"http:\/\/manta-izola.com\/scuba\/wp-content\/uploads\/dry.jpg\" alt=\"dry\" width=\"714\" height=\"402\" srcset=\"https:\/\/www.manta-izola.com\/scuba\/wp-content\/uploads\/dry.jpg 1920w, https:\/\/www.manta-izola.com\/scuba\/wp-content\/uploads\/dry-300x169.jpg 300w, https:\/\/www.manta-izola.com\/scuba\/wp-content\/uploads\/dry-1024x576.jpg 1024w\" sizes=\"auto, (max-width: 714px) 100vw, 714px\" \/><\/a><\/p>\n<p style=\"text-align: justify;\">\u00bbKo postanejo potopi dalj\u0161i, dnevi kraj\u0161i in voda hladnej\u0161a \u2013 takrat napo\u010di \u010das za suho obleko.\u00ab<\/p>\n<p style=\"text-align: justify;\">\u010ce se \u017eelite potapljati jeseni in pozimi ali v krajih s hladnej\u0161im podnebjem vam priporo\u010damo te\u010daj <a href=\"https:\/\/www.youtube.com\/watch?v=U84jUoOxGvM\">DRY SUIT DIVING (POTAPLJANJE S SUHO OBLEKO)<\/a>.\u00a0\u00a0Vidljivost je v teh letnih \u010dasih obi\u010dajno izredna in potapljanje je tako res u\u017eitek. Na te\u010daju POTAPLJANJE S SUHO OBLEKO boste izvedeli o prednostih potapljanja v suhi obleki, razli\u010dnih materialih za suhe obleke, ventilih in dodatkih k suhim oblekam. Med dvema obveznima potopoma se boste nau\u010dili pravilnih tehnik potapljanja v suhi obleki, pravilne nege in vzdr\u017eevanja.<\/p>\n<p><a href=\"http:\/\/manta-izola.com\/scuba\/wp-content\/uploads\/dry_suit_diving.jpg\"><img loading=\"lazy\" decoding=\"async\" class=\"  wp-image-642 aligncenter\" src=\"http:\/\/manta-izola.com\/scuba\/wp-content\/uploads\/dry_suit_diving.jpg\" alt=\"dry_suit_diving\" width=\"512\" height=\"375\" srcset=\"https:\/\/www.manta-izola.com\/scuba\/wp-content\/uploads\/dry_suit_diving.jpg 373w, https:\/\/www.manta-izola.com\/scuba\/wp-content\/uploads\/dry_suit_diving-300x220.jpg 300w\" sizes=\"auto, (max-width: 512px) 100vw, 512px\" \/><\/a><\/p>\n<p style=\"text-align: justify;\">Te\u010daj POTAPLJANJE S SUHO OBLEKO vsebuje:<\/p>\n<ul style=\"text-align: justify;\">\n<li>Zakaj suha obleka?<\/li>\n<li>Vrste suhih oblek<\/li>\n<li>Ventili<\/li>\n<li>Dodatki k suhim oblekam<\/li>\n<li>Tehnike<\/li>\n<li>Dry Suit Techniques<\/li>\n<li>Vzdr\u017eevanje<\/li>\n<li>Popravila<\/li>\n<\/ul>\n<p style=\"text-align: justify;\">Primarni cilj vsakega SSI te\u010daja specialnosti je nau\u010diti vas pomembnih ve\u0161\u010din v prijetnem okolju. Vsi te\u010daji temeljijo na u\u010denju doma, kratkih lekcijah v u\u010dilnici in vodnem treningu.<\/p>\n<p><\/p>","protected":false},"excerpt":{"rendered":"<p>\u00bbKo postanejo potopi dalj\u0161i, dnevi kraj\u0161i in voda hladnej\u0161a \u2013 takrat napo\u010di \u010das za suho obleko.\u00ab \u010ce se \u017eelite potapljati jeseni in pozimi ali v krajih s hladnej\u0161im podnebjem vam priporo\u010damo te\u010daj DRY SUIT DIVING (POTAPLJANJE S SUHO OBLEKO).\u00a0\u00a0Vidljivost je v teh letnih \u010dasih obi\u010dajno izredna in potapljanje je tako res u\u017eitek. Na te\u010daju POTAPLJANJE [&hellip;]<\/p>\n","protected":false},"author":1,"featured_media":0,"parent":0,"menu_order":0,"comment_status":"closed","ping_status":"closed","template":"","meta":{"footnotes":""},"class_list":["post-636","page","type-page","status-publish","hentry"],"_links":{"self":[{"href":"https:\/\/www.manta-izola.com\/scuba\/index.php?rest_route=\/wp\/v2\/pages\/636","targetHints":{"allow":["GET"]}}],"collection":[{"href":"https:\/\/www.manta-izola.com\/scuba\/index.php?rest_route=\/wp\/v2\/pages"}],"about":[{"href":"https:\/\/www.manta-izola.com\/scuba\/index.php?rest_route=\/wp\/v2\/types\/page"}],"author":[{"embeddable":true,"href":"https:\/\/www.manta-izola.com\/scuba\/index.php?rest_route=\/wp\/v2\/users\/1"}],"replies":[{"embeddable":true,"href":"https:\/\/www.manta-izola.com\/scuba\/index.php?rest_route=%2Fwp%2Fv2%2Fcomments&post=636"}],"version-history":[{"count":12,"href":"https:\/\/www.manta-izola.com\/scuba\/index.php?rest_route=\/wp\/v2\/pages\/636\/revisions"}],"predecessor-version":[{"id":2168,"href":"https:\/\/www.manta-izola.com\/scuba\/index.php?rest_route=\/wp\/v2\/pages\/636\/revisions\/2168"}],"wp:attachment":[{"href":"https:\/\/www.manta-izola.com\/scuba\/index.php?rest_route=%2Fwp%2Fv2%2Fmedia&parent=636"}],"curies":[{"name":"wp","href":"https:\/\/api.w.org\/{rel}","templated":true}]}}