{"id":808,"date":"2015-03-02T18:17:32","date_gmt":"2015-03-02T18:17:32","guid":{"rendered":"http:\/\/manta-izola.com\/scuba\/?page_id=808"},"modified":"2019-05-29T16:41:07","modified_gmt":"2019-05-29T16:41:07","slug":"ssi-potapljaski-tecaji","status":"publish","type":"page","link":"https:\/\/www.manta-izola.com\/scuba\/","title":{"rendered":"SSI TE\u010cAJI POTAPLJANJA"},"content":{"rendered":"<p><a href=\"#odrasli\">SSI te\u010daji potapljanja za odrasle<\/a> | <a href=\"#otroci\">za otroke |<\/a>\u00a0<a title=\"Diving courses\" href=\"http:\/\/manta-izola.com\/scuba\/?page_id=38\">cenik<\/a><\/p>\n<p><a name=\"odrasli\"><\/a><\/p>\n<h3><\/h3>\n<h3>SSI te\u010daji potapljanja za odrasle<\/h3>\n<p style=\"text-align: justify;\">Smo mednarodna ekipa izku\u0161enih in\u0161truktorjev potapljanja s posluhom za potrebe in \u017eelje na\u0161ih strank. Pri svojem delu u\u010denja potapljanja uporabljamo sodobne\u00a0didakti\u010dne materiale, ki strankam olaj\u0161ajo spoznavanje tega \u010dudovitega \u0161porta. Pri u\u010denju potapljanja uporabljamo kvalitetno in zanesljivo opremo. Nudimo celo vrsto potaplja\u0161kih te\u010dajev, od za\u010detni\u0161kih do te\u010dajev za potaplja\u0161ke profesionalce. Zagotavljamo kontinuirano izobra\u017eevanje v potapljanju, \u010de si le tega \u017eelijo na\u0161e stranke. Svojim strankam svetujemo in pomagamo pri izbiri in nakupu opreme. Na\u0161i te\u010daji so prijazni do strank, kvalitetni in prilagodljivi. Za svoj denar te\u010dajniki dobijo res kvaliteten potaplja\u0161ki te\u010daj, ki jim bo omogo\u010dil samostojno potapljanje. Na\u0161e stranke so tudi na\u0161i sopotaplja\u010di po kon\u010danem potaplja\u0161kem te\u010daju. Organiziramo celo vrsto potaplja\u0161kih aktivnosti, ki vsakemu, ki si to \u017eeli, omogo\u010dajo resni\u010dno u\u017eivanje v potapljanju. Varnost in udobje potaplja\u010dev je vedno na prvem mestu.<\/p>\n<p><a href=\"http:\/\/manta-izola.com\/scuba\/wp-content\/uploads\/10700079_809408172435176_5523251062869367554_o.jpg\"><img loading=\"lazy\" decoding=\"async\" class=\" wp-image-409 aligncenter\" src=\"http:\/\/manta-izola.com\/scuba\/wp-content\/uploads\/10700079_809408172435176_5523251062869367554_o.jpg\" alt=\"10700079_809408172435176_5523251062869367554_o\" width=\"507\" height=\"354\" srcset=\"https:\/\/www.manta-izola.com\/scuba\/wp-content\/uploads\/10700079_809408172435176_5523251062869367554_o.jpg 2048w, https:\/\/www.manta-izola.com\/scuba\/wp-content\/uploads\/10700079_809408172435176_5523251062869367554_o-300x209.jpg 300w, https:\/\/www.manta-izola.com\/scuba\/wp-content\/uploads\/10700079_809408172435176_5523251062869367554_o-1024x714.jpg 1024w, https:\/\/www.manta-izola.com\/scuba\/wp-content\/uploads\/10700079_809408172435176_5523251062869367554_o-500x350.jpg 500w\" sizes=\"auto, (max-width: 507px) 100vw, 507px\" \/><\/a><\/p>\n<p style=\"text-align: justify;\">Tudi \u010de \u0161e nikoli niste bili pod vodo, ste pri\u0161li na pravo mesto. Poskusite \u2014 v\u0161e\u010d vam bo. Potapljanje je lahko, zabavno in vznemirljivo. Odkrijte nov svet! Ob\u010dutite ob\u010dutek svobode ob drsenju skozi modrino! Do\u017eivite nove avanture in raziskujte neodkriti svet. Spoznajte nove prijatelje! Potapljanje je mnogo la\u017eje kot si mislite! Spoprimite se z novimi izzivi in se podajte v nov svet! Potapljanje je \u010dudovita aktivnost, ki ponuja vse od srce razbijajo\u010dega razburjenja do tihe sprostitve.<\/p>\n<p style=\"text-align: justify;\"><a href=\"http:\/\/manta-izola.com\/scuba\/wp-content\/uploads\/2.jpg\"><img loading=\"lazy\" decoding=\"async\" class=\" wp-image-438 aligncenter\" src=\"http:\/\/manta-izola.com\/scuba\/wp-content\/uploads\/2.jpg\" alt=\"2\" width=\"233\" height=\"204\" srcset=\"https:\/\/www.manta-izola.com\/scuba\/wp-content\/uploads\/2.jpg 325w, https:\/\/www.manta-izola.com\/scuba\/wp-content\/uploads\/2-300x263.jpg 300w\" sizes=\"auto, (max-width: 233px) 100vw, 233px\" \/><\/a><\/p>\n<p style=\"text-align: justify;\">Z digitalnim sistemom usposabljanja postavlja SSI povsem nov standard v izobra\u017eevanju potaplja\u010dev. Ne eni strani imamo U\u010cENJE V DIGITALNI obliki, na drugi pa PRAVO POTAPLJANJE \u2013 Celoviti prvovrstni video posnetki skupaj s \u0161tevilnimi ilustracijami, animacijami in slikami spodbujajo u\u010denje. Kot se boste lahko tudi sami prepri\u010dali, je SSI z uporabo sodobne tehnologije izbolj\u0161al u\u010dno izku\u0161njo na na\u010din, da boste lahko, kadarkoli in kamorkoli boste \u0161li, dostopali do vsega kar potrebujete. Pri\u010dnimo z u\u010denjem \u2013 te\u010daji vas spodbujajo z videi in animacijami. Svoje znanje pa lahko preizkusite z interaktivnimi vpra\u0161anji.<\/p>\n<p style=\"text-align: justify;\"><a href=\"https:\/\/play.google.com\/store\/apps\/details?id=com.divessi.divessi\"><img loading=\"lazy\" decoding=\"async\" class=\"alignnone wp-image-434\" src=\"http:\/\/manta-izola.com\/scuba\/wp-content\/uploads\/app_google.png\" alt=\"app_google\" width=\"179\" height=\"60\" \/><\/a> <a href=\"https:\/\/itunes.apple.com\/app\/divessi\/id955144690\"><img loading=\"lazy\" decoding=\"async\" class=\"alignnone wp-image-436\" src=\"http:\/\/manta-izola.com\/scuba\/wp-content\/uploads\/app_itunes.png\" alt=\"app_itunes\" width=\"173\" height=\"61\" \/><\/a><\/p>\n<p style=\"text-align: justify;\">\u010ce ste torej pripravljeni na nove avanture, ki jih prina\u0161a \u017eivljenje potaplja\u010da, nas obi\u0161\u010dite in se udele\u017eite potaplja\u0161kega te\u010daja. Dive SSI aplikacija je &#8220;<em>Vse-v-enem potaplja\u0161ko orodje<\/em>&#8220;, saj lahko z njo dostopate do u\u010dnih gradiv, dnevnika potopov in potrdil o opravljenih te\u010dajih. Z nakupom digitalne Diamond verzije, lahko s pomo\u010djo SSI aplikacije do va\u0161ih gradiv dostopate brez internetne povezave preko tablice ali pametnega telefona. Pojdite na spletno trgovino App Store in si brezpla\u010dno prenesite DiveSSI aplikacijo &#8211; na voljo za iOS in Android!<\/p>\n<p><a name=\"otroci\"><\/a><\/p>\n<h3 style=\"text-align: justify;\">SSI te\u010daji potapljanja za otroke<\/h3>\n<h4><strong><img loading=\"lazy\" decoding=\"async\" class=\"alignnone wp-image-383\" src=\"http:\/\/manta-izola.com\/scuba\/wp-content\/uploads\/Kids_Dive.jpg\" alt=\"Kids_Dive\" width=\"1151\" height=\"661\" srcset=\"https:\/\/www.manta-izola.com\/scuba\/wp-content\/uploads\/Kids_Dive.jpg 1439w, https:\/\/www.manta-izola.com\/scuba\/wp-content\/uploads\/Kids_Dive-300x172.jpg 300w, https:\/\/www.manta-izola.com\/scuba\/wp-content\/uploads\/Kids_Dive-1024x588.jpg 1024w\" sizes=\"auto, (max-width: 1151px) 100vw, 1151px\" \/><\/strong><\/h4>\n<h4><a href=\"http:\/\/www.divessi.com\/children\">Scuba Rangers <\/a>&#8211; Tudi otroci se lahko potapljajo!\u00a08 \u2013 12 let ?<\/h4>\n<p style=\"text-align: justify;\">Potapljanje je vznemirljiv \u0161port. Po\u010dutil se bo\u0161 kot astronavt, ki brez te\u017ee lebdi v vesolju. Potaplja\u010di so raziskovalci, arheologi, lovci na zaklade in znanstveniki. Vsak dan odkrijejo \u010dudovite stvari, saj so oceani, reke in jezera zadnji neraziskani ko\u0161\u010dki na\u0161ega planeta. Potaplja\u010di se potapljajo tudi zaradi zabave in avantur. Vidi\u0161 lahko razli\u010dne morske organizme in \u0161e tiso\u010de razli\u010dnih rib.<\/p>\n<p style=\"text-align: justify;\">\u010ce je potapljanje to, kar si \u017eeli\u0161 po\u010deti, preveri SSI Scuba Ranger program. Pripravljen je bil posebej zate\u2014 otroke stare od 8 do 12 let. Ko si star 10 let se lahko \u017ee vpi\u0161e\u0161 v Junior potaplja\u0161ki te\u010daj in postane\u0161 certificirani SSI potaplja\u010d. Potapljanja se bo\u0161 u\u010dili v varnem in za\u0161\u010ditenem vodnem okolju. Uporabljal bo\u0161 pravo potaplja\u0161ko opremo, se nau\u010dil vse o potapljanju in podvodnem svetu, se igral podvodne igre in po\u010del \u0161e veliko zabavnih stvari. Kot Scuba Ranger bo\u0161 lahko delal stvari, ki se jim bo\u0161 \u010dudil ti in tvoji star\u0161i!<\/p>\n<p style=\"text-align: justify;\">SCUBA RANGERS ni samo potaplja\u0161ki te\u010daj. Z vklju\u010ditvijo otroka v SCUBA RANGERS te\u010daj lahko postane potapljanje dolgoro\u010dna aktivnost! Otroci se med te\u010dajem u\u010dijo o na\u0161em okolju, nabirajo potaplja\u0161ke izku\u0161nje in se zabavajo. Preizkusili se bodo v potapljanju z ladje ali no\u010dnih potopih s podvodnimi svetilkami.<\/p>\n<p style=\"text-align: justify;\">Varnost otrok je na\u0161a glavna skrb. SCUBA RANGERS program lahko u\u010dijo le posebno izurjeni in\u0161truktorji v za\u0161\u010ditenih vodah do najve\u010d 4 metrov globine. V vodi, ki je globlja kot 1,5 metra, ima vsak mladi potaplja\u010d svojega in\u0161truktorja. SSI in\u0161truktorji lahko u\u010dijo le pod okriljem SSI potaplja\u0161kega centra. Ta koncept, ki je edinstven v vsej potaplja\u0161ki industriji, zagotavlja neposreden nadzor vseh aktivnih SSI profesionalnih potaplja\u010dev in s tem visoko kakovost njihovega pou\u010devanja. Scuba Ranger in\u0161truktorji u\u010dijo po strogih SSI standardih. Vsi imajo za seboj tudi posebno urjenje pou\u010devanja otrok. Med Scuba Rangers aktivnostmi je varnost vedno na prvem mestu, standard en in\u0161truktor na enega potaplja\u010da je vedno upo\u0161tevan.<\/p>\n<h4 style=\"text-align: justify;\"><img loading=\"lazy\" decoding=\"async\" class=\"alignnone wp-image-391\" src=\"http:\/\/manta-izola.com\/scuba\/wp-content\/uploads\/main12.jpg\" alt=\"main12\" width=\"1003\" height=\"593\" srcset=\"https:\/\/www.manta-izola.com\/scuba\/wp-content\/uploads\/main12.jpg 685w, https:\/\/www.manta-izola.com\/scuba\/wp-content\/uploads\/main12-300x177.jpg 300w\" sizes=\"auto, (max-width: 1003px) 100vw, 1003px\" \/><\/h4>\n<h4 style=\"text-align: justify;\"><a title=\"(Slovensko) JOWD \u2013 JUNIOR OPEN WATER DIVER\" href=\"http:\/\/manta-izola.com\/scuba\/?page_id=1366\"><strong>Junior Open Water Diver<\/strong><\/a><\/h4>\n<p style=\"text-align: justify;\">\u017de imate od 10<span style=\"color: #000000;\"> \u2013 14 let? Potem je \u017ee \u010das, da pohitite in postanete certificirani potaplja\u010d. Spremenite svoje SCUBA RANGERS dose\u017eke v pravo potaplja\u0161ko kariero! <\/span><span style=\"color: #000000;\">To da postanete SSI Junior Open Water Diver (Potaplja\u010d odprtih voda) je najbolj\u0161i za\u010detek va\u0161ih potaplja\u0161kih avantur!<\/span><\/p>\n<p style=\"text-align: justify;\"><span style=\"color: #000000;\">Poskrbeli bomo, da se res dobro seznanite z ve\u0161\u010dinami in opremo, ki jih boste uporabljali. Za\u010deti je lahko! Vpi\u0161ite se v <a title=\"OWD \u2013 Open Water Diver (Potaplja\u010d odprtih voda)\" href=\"http:\/\/manta-izola.com\/scuba\/?page_id=326\">te\u010daj OPEN WATER DIVER (POTAPLJA\u010c ODPRTIH VODA)<\/a>. SSI te\u010daj je zasnovan tako, da se lahko teorije nau\u010dite doma takrat, ko vam to najbolj odgovarja. Pri tem so vam lahko v pomo\u010d spletna aplikacija, barvni priro\u010dnik, sami pa izberete mo\u017enost, ki vam najbolj odgovarja. Za potope v bazenu in za\u0161\u010ditenih vodah vam bo va\u0161 in\u0161truktor priskrbel odgovarjajo\u010do potaplja\u0161ko opremo, v kateri se boste po\u010dutili kot v drugi ko\u017ei. Preden za\u010dnete s potopi v odprtih vodah, boste imeli boste dovolj \u010dasa za vaje in privajanje na podvodno okolje.<\/span><\/p>\n<p style=\"text-align: justify;\"><a title=\"(Slovensko) JOWD \u2013 JUNIOR OPEN WATER DIVER\" href=\"http:\/\/manta-izola.com\/scuba\/?page_id=1366\"><img loading=\"lazy\" decoding=\"async\" class=\"alignnone wp-image-648\" src=\"http:\/\/manta-izola.com\/scuba\/wp-content\/uploads\/DSCN2078-1024x881.jpg\" alt=\"DSCN2078\" width=\"270\" height=\"233\" srcset=\"https:\/\/www.manta-izola.com\/scuba\/wp-content\/uploads\/DSCN2078-1024x881.jpg 1024w, https:\/\/www.manta-izola.com\/scuba\/wp-content\/uploads\/DSCN2078-300x258.jpg 300w\" sizes=\"auto, (max-width: 270px) 100vw, 270px\" \/> <img loading=\"lazy\" decoding=\"async\" class=\"alignnone wp-image-649\" src=\"http:\/\/manta-izola.com\/scuba\/wp-content\/uploads\/DSCN2100-1024x768.jpg\" alt=\"DSCN2100\" width=\"308\" height=\"232\" srcset=\"https:\/\/www.manta-izola.com\/scuba\/wp-content\/uploads\/DSCN2100-1024x768.jpg 1024w, https:\/\/www.manta-izola.com\/scuba\/wp-content\/uploads\/DSCN2100-300x225.jpg 300w\" sizes=\"auto, (max-width: 308px) 100vw, 308px\" \/><\/a><\/p>\n<p style=\"text-align: justify;\">Po kon\u010danem za\u010detnem te\u010daju, boste postali certificirani SSI potaplja\u010d Junior Open Water Diver. SSI certifikacija je priznana po celem svetu, zato so va\u0161e potaplja\u0161ke dogodiv\u0161\u010dine lahko brezmejne.Ta program vam zagotavlja, da v celoti izkusite potapljanje. Izurili se boste v pravih ve\u0161\u010dinah, pravem znanju in pravih izku\u0161njah, da se boste na potopih v odprtih vodah po\u010dutili varno in samozavestno, spremljal pa vas bo tudi va\u0161 in\u0161truktor.<\/p>\n<h4 style=\"text-align: justify;\"><strong>Za\u010dnite avanturo \u017ee danes!<\/strong><\/h4>\n<p style=\"text-align: justify;\">Pokli\u010dite na\u0161 SSI potaplja\u0161ki center in za\u010dnite va\u0161e potaplja\u0161ko izobra\u017eevanje \u017ee danes! Tukaj je seznam te\u010dajev, ki so na razpolago Junior potaplja\u010dem:<\/p>\n<ul style=\"text-align: justify;\">\n<li>Junior Scuba Diver<\/li>\n<li>Junior Open Water Diver<\/li>\n<li>Junior Advanced Adventurer<\/li>\n<li>Junior Specialty Diver<\/li>\n<li>Junior Advanced Open Water Diver<\/li>\n<\/ul>\n<p style=\"text-align: justify;\">Ko kon\u010date certifikacijo Junior Open Water Diver, se lahko potapljate skoraj povsod! Zapomnite si le, da se lahko potapljate le skupaj s star\u0161i ali skrbniki, \u010de so le ti certificirani potaplja\u010di, ali z aktivnim profesionalnim potaplja\u010dem.<\/p>\n<p><\/p>","protected":false},"excerpt":{"rendered":"<p>SSI te\u010daji potapljanja za odrasle | za otroke |\u00a0cenik SSI te\u010daji potapljanja za odrasle Smo mednarodna ekipa izku\u0161enih in\u0161truktorjev potapljanja s posluhom za potrebe in \u017eelje na\u0161ih strank. Pri svojem delu u\u010denja potapljanja uporabljamo sodobne\u00a0didakti\u010dne materiale, ki strankam olaj\u0161ajo spoznavanje tega \u010dudovitega \u0161porta. Pri u\u010denju potapljanja uporabljamo kvalitetno in zanesljivo opremo. Nudimo celo vrsto potaplja\u0161kih [&hellip;]<\/p>\n","protected":false},"author":1,"featured_media":0,"parent":0,"menu_order":0,"comment_status":"closed","ping_status":"closed","template":"","meta":{"footnotes":""},"class_list":["post-808","page","type-page","status-publish","hentry"],"_links":{"self":[{"href":"https:\/\/www.manta-izola.com\/scuba\/index.php?rest_route=\/wp\/v2\/pages\/808","targetHints":{"allow":["GET"]}}],"collection":[{"href":"https:\/\/www.manta-izola.com\/scuba\/index.php?rest_route=\/wp\/v2\/pages"}],"about":[{"href":"https:\/\/www.manta-izola.com\/scuba\/index.php?rest_route=\/wp\/v2\/types\/page"}],"author":[{"embeddable":true,"href":"https:\/\/www.manta-izola.com\/scuba\/index.php?rest_route=\/wp\/v2\/users\/1"}],"replies":[{"embeddable":true,"href":"https:\/\/www.manta-izola.com\/scuba\/index.php?rest_route=%2Fwp%2Fv2%2Fcomments&post=808"}],"version-history":[{"count":96,"href":"https:\/\/www.manta-izola.com\/scuba\/index.php?rest_route=\/wp\/v2\/pages\/808\/revisions"}],"predecessor-version":[{"id":2381,"href":"https:\/\/www.manta-izola.com\/scuba\/index.php?rest_route=\/wp\/v2\/pages\/808\/revisions\/2381"}],"wp:attachment":[{"href":"https:\/\/www.manta-izola.com\/scuba\/index.php?rest_route=%2Fwp%2Fv2%2Fmedia&parent=808"}],"curies":[{"name":"wp","href":"https:\/\/api.w.org\/{rel}","templated":true}]}}